{"id":330,"date":"2023-12-11T09:25:34","date_gmt":"2023-12-11T08:25:34","guid":{"rendered":"https:\/\/manumissioabogados.com\/nuestro-despacho\/"},"modified":"2023-12-28T12:39:32","modified_gmt":"2023-12-28T11:39:32","slug":"el-nostre-despatx","status":"publish","type":"page","link":"https:\/\/manumissioabogados.com\/ca\/el-nostre-despatx\/","title":{"rendered":"El nostre despatx"},"content":{"rendered":"\n\t<section class=\"section\" id=\"section_124469096\">\n\t\t<div class=\"bg section-bg fill bg-fill  \" >\n\n\t\t\t\n\t\t\t<div class=\"section-bg-overlay absolute fill\"><\/div>\n\t\t\t\n\n\t\t<\/div>\n\n\t\t\n\n\t\t<div class=\"section-content relative\">\n\t\t\t\n\n<div class=\"row\" style=\"max-width:1200px\" id=\"row-315190573\">\n\n\n\t<div id=\"col-995475763\" class=\"col medium-5 small-12 large-5\"  >\n\t\t\t\t<div class=\"col-inner\"  >\n\t\t\t\n\t\t\t\n\n\t<div id=\"gap-707723341\" class=\"gap-element clearfix\" style=\"display:block; height:auto;\">\n\t\t\n<style>\n#gap-707723341 {\n  padding-top: 0px;\n}\n@media (min-width:850px) {\n  #gap-707723341 {\n    padding-top: 30px;\n  }\n}\n<\/style>\n\t<\/div>\n\t\n\n\n\t\t<\/div>\n\t\t\t\t\t<\/div>\n\n\t\n\n\t<div id=\"col-532197390\" class=\"col medium-12 small-12 large-7\"  >\n\t\t\t\t<div class=\"col-inner dark\"  >\n\t\t\t\n\t\t\t\n\n\t<div id=\"gap-2043848856\" class=\"gap-element clearfix\" style=\"display:block; height:auto;\">\n\t\t\n<style>\n#gap-2043848856 {\n  padding-top: 30px;\n}\n<\/style>\n\t<\/div>\n\t\n\n\t<div id=\"text-1876317242\" class=\"text\">\n\t\t\n\n<h6>Advocat Tarragona<\/h6>\n\t\t\n<style>\n#text-1876317242 {\n  font-size: 1rem;\n}\n@media (min-width:550px) {\n  #text-1876317242 {\n    font-size: 1.25rem;\n  }\n}\n<\/style>\n\t<\/div>\n\t\n\t<div id=\"text-1435533344\" class=\"text\">\n\t\t\n\n<h1><span style=\"font-size: 95%;\">El nostre despatx<\/span><\/h1>\n\t\t\n<style>\n#text-1435533344 {\n  font-size: 2.5rem;\n}\n@media (min-width:550px) {\n  #text-1435533344 {\n    font-size: 3rem;\n  }\n}\n<\/style>\n\t<\/div>\n\t\n\n\t\t<\/div>\n\t\t\t\t\n<style>\n#col-532197390 > .col-inner {\n  padding: 0px 0px 0px 0;\n}\n@media (min-width:550px) {\n  #col-532197390 > .col-inner {\n    padding: 0px 0px 0px 30px;\n  }\n}\n<\/style>\n\t<\/div>\n\n\t\n\n<\/div>\n\n\t\t<\/div>\n\n\t\t\n<style>\n#section_124469096 {\n  padding-top: 30px;\n  padding-bottom: 30px;\n  min-height: 300px;\n}\n#section_124469096 .section-bg-overlay {\n  background-color: rgba(0, 0, 0, 0.442);\n}\n#section_124469096 .section-bg.bg-loaded {\n  background-image: url(https:\/\/manumissioabogados.com\/wp-content\/uploads\/2023\/12\/tarragona-balcon-europa-al-amanecer_79295-15308-1.jpg);\n}\n#section_124469096 .section-bg {\n  background-position: 70% 49%;\n}\n@media (min-width:550px) {\n  #section_124469096 {\n    min-height: 450px;\n  }\n}\n@media (min-width:850px) {\n  #section_124469096 {\n    min-height: 500px;\n  }\n}\n<\/style>\n\t<\/section>\n\t\n<div class=\"row\" style=\"max-width:1200px\" id=\"row-1684423427\">\n\n\n\t<div id=\"col-1628957710\" class=\"col medium-12 small-12 large-5\"  >\n\t\t\t\t<div class=\"col-inner\"  >\n\t\t\t\n\t\t\t\n\n\n  <div class=\"banner has-hover\" id=\"banner-1410699091\">\n          <div class=\"banner-inner fill\">\n        <div class=\"banner-bg fill\" >\n            <div class=\"bg fill bg-fill \"><\/div>\n                                    \n                    <\/div>\n\t\t\n        <div class=\"banner-layers container\">\n            <div class=\"fill banner-link\"><\/div>            \n\n\n        <\/div>\n      <\/div>\n\n            \n<style>\n#banner-1410699091 {\n  padding-top: 300px;\n  background-color: rgb(255, 255, 255);\n}\n#banner-1410699091 .bg.bg-loaded {\n  background-image: url(https:\/\/manumissioabogados.com\/wp-content\/uploads\/2023\/12\/legal-advice-in-the-office-or-online-the-handshak-2023-11-27-05-24-56-utc-1024x683.jpg);\n}\n#banner-1410699091 .bg {\n  background-position: 50% 56%;\n}\n@media (min-width:550px) {\n  #banner-1410699091 {\n    padding-top: 500px;\n  }\n}\n@media (min-width:850px) {\n  #banner-1410699091 {\n    padding-top: 650px;\n  }\n}\n<\/style>\n  <\/div>\n\n\n\t<div id=\"gap-975360543\" class=\"gap-element clearfix\" style=\"display:block; height:auto;\">\n\t\t\n<style>\n#gap-975360543 {\n  padding-top: 0px;\n}\n@media (min-width:850px) {\n  #gap-975360543 {\n    padding-top: 100px;\n  }\n}\n<\/style>\n\t<\/div>\n\t\n\n\n\t\t<\/div>\n\t\t\t\t\n<style>\n#col-1628957710 > .col-inner {\n  margin: -100px 0px 0px 0px;\n}\n@media (min-width:550px) {\n  #col-1628957710 > .col-inner {\n    margin: -150px 0px 0px 0px;\n  }\n}\n@media (min-width:850px) {\n  #col-1628957710 > .col-inner {\n    margin: -400px 0px 0px 0px;\n  }\n}\n<\/style>\n\t<\/div>\n\n\t\n\n\t<div id=\"col-1844861757\" class=\"col medium-11 small-12 large-7\"  >\n\t\t\t\t<div class=\"col-inner\"  >\n\t\t\t\n\t\t\t\n\n\t<div id=\"gap-1126896614\" class=\"gap-element clearfix\" style=\"display:block; height:auto;\">\n\t\t\n<style>\n#gap-1126896614 {\n  padding-top: 30px;\n}\n<\/style>\n\t<\/div>\n\t\n\n<p>La nostra filosofia de <strong>tracte personal i atenci\u00f3<\/strong> detallada al client exigeix realitzar un creixement del volum d&#8217;expedients molt controlat, apostant per l&#8217;especialitzaci\u00f3 en diferents branques del dret juntament amb l&#8217;assessorament personal i empresarial. Sabem que un creixement r\u00e0pid i desmesurat redunda en moltes ocasions en un minvament de la qualitat que ni el client ni el professional del dret poden permetre&#8217;s en el mercat actual.<\/p>\n\n\t\t<\/div>\n\t\t\t\t\n<style>\n#col-1844861757 > .col-inner {\n  padding: 0px 0px 0px 0;\n}\n@media (min-width:550px) {\n  #col-1844861757 > .col-inner {\n    padding: 0px 0px 0px 30px;\n  }\n}\n<\/style>\n\t<\/div>\n\n\t\n\n<\/div>\n\t<section class=\"section\" id=\"section_334410814\">\n\t\t<div class=\"bg section-bg fill bg-fill  bg-loaded\" >\n\n\t\t\t\n\t\t\t\n\t\t\t\n\n\t\t<\/div>\n\n\t\t\n\n\t\t<div class=\"section-content relative\">\n\t\t\t\n\n<div class=\"row\" style=\"max-width:1200px\" id=\"row-141463191\">\n\n\n\t<div id=\"col-47839687\" class=\"col small-12 large-12\"  >\n\t\t\t\t<div class=\"col-inner\"  >\n\t\t\t\n\t\t\t\n\n\t<div id=\"text-3316536232\" class=\"text\">\n\t\t\n\n<h6>Manumissio abogados<\/h6>\n\t\t\n<style>\n#text-3316536232 {\n  font-size: 1.1rem;\n  text-align: center;\n}\n<\/style>\n\t<\/div>\n\t\n\t<div id=\"text-1441347855\" class=\"text\">\n\t\t\n\n<h1>El que ens diferencia<\/h1>\n\t\t\n<style>\n#text-1441347855 {\n  font-size: 1.75rem;\n  text-align: center;\n}\n<\/style>\n\t<\/div>\n\t\n\n\t\t<\/div>\n\t\t\t\t\t<\/div>\n\n\t\n\n<\/div>\n<div class=\"row row-large row-solid\" style=\"max-width:1200px\" id=\"row-106961562\">\n\n\n\t<div id=\"col-1369177734\" class=\"col medium-10 small-12 large-6\"  >\n\t\t\t\t<div class=\"col-inner\"  >\n\t\t\t\n\t\t\t\n\n<p>Manumissio gaudeix de l&#8217;experi\u00e8ncia necess\u00e0ria per a aplicar amb \u00e8xit l&#8217;externalitzaci\u00f3 total o parcial dels serveis jur\u00eddics de qualsevol empresa o particular davant l&#8217;exist\u00e8ncia d&#8217;un flux important d&#8217;expedients legals que puguin afectar la seva operativitat i objectius.<\/p>\n<p>Apostar pel nostre sistema de treball \u00e9s una garantia per a vost\u00e8 i estar informat activament de cada tr\u00e0mit i novetat resulta clau per al seu treball.<\/p>\n\n\t\t<\/div>\n\t\t\t\t\n<style>\n#col-1369177734 > .col-inner {\n  padding: 0px 0 0px 0px;\n}\n@media (min-width:850px) {\n  #col-1369177734 > .col-inner {\n    padding: 0px 40px 0px 0px;\n  }\n}\n<\/style>\n\t<\/div>\n\n\t\n\n\t<div id=\"col-1889028905\" class=\"col medium-10 small-12 large-6\"  >\n\t\t\t\t<div class=\"col-inner\"  >\n\t\t\t\n\t\t\t\n\n<p>El treball que exercim li permetr\u00e0 un <strong>seguiment constant dels tr\u00e0mits seguits, controlant temps de realitzaci\u00f3, efectivitat, documentaci\u00f3 i objectius.<\/strong><\/p>\n<p>Tenim experi\u00e8ncia en aquesta mena de serveis, sabem el dif\u00edcil que \u00e9s per a un client mantenir una bona xarxa d&#8217;Advocats, capa\u00e7 d&#8217;absorbir amb agilitat els expedients i de tractar la informaci\u00f3 de forma sistematitzada.<\/p>\n\n\t\t<\/div>\n\t\t\t\t\n<style>\n#col-1889028905 > .col-inner {\n  padding: 0px 0 0px 0px;\n}\n@media (min-width:850px) {\n  #col-1889028905 > .col-inner {\n    padding: 0px 40px 0px 0px;\n  }\n}\n<\/style>\n\t<\/div>\n\n\t\n\n<\/div>\n\t<div id=\"gap-1447990385\" class=\"gap-element clearfix\" style=\"display:block; height:auto;\">\n\t\t\n<style>\n#gap-1447990385 {\n  padding-top: 30px;\n}\n<\/style>\n\t<\/div>\n\t\n\n\n\t\t<\/div>\n\n\t\t\n<style>\n#section_334410814 {\n  padding-top: 80px;\n  padding-bottom: 80px;\n  background-color: rgb(246, 246, 246);\n}\n<\/style>\n\t<\/section>\n\t\n\t<section class=\"section dark\" id=\"section_945788991\">\n\t\t<div class=\"bg section-bg fill bg-fill  bg-loaded\" >\n\n\t\t\t\n\t\t\t\n\t\t\t\n\n\t\t<\/div>\n\n\t\t\n\n\t\t<div class=\"section-content relative\">\n\t\t\t\n\n\t<div id=\"gap-1687580204\" class=\"gap-element clearfix\" style=\"display:block; height:auto;\">\n\t\t\n<style>\n#gap-1687580204 {\n  padding-top: 50px;\n}\n<\/style>\n\t<\/div>\n\t\n\n\n\t\t<\/div>\n\n\t\t\n<style>\n#section_945788991 {\n  padding-top: 80px;\n  padding-bottom: 80px;\n  background-color: rgb(0,0,0);\n}\n<\/style>\n\t<\/section>\n\t\n\t<section class=\"section\" id=\"section_627310359\">\n\t\t<div class=\"bg section-bg fill bg-fill  bg-loaded\" >\n\n\t\t\t\n\t\t\t\n\t\t\t\n\n\t\t<\/div>\n\n\t\t\n\n\t\t<div class=\"section-content relative\">\n\t\t\t\n\n<div class=\"row\" style=\"max-width:1200px\" id=\"row-1509510054\">\n\n\n\t<div id=\"col-592112629\" class=\"col small-12 large-12\"  >\n\t\t\t\t<div class=\"col-inner\"  >\n\t\t\t\n\t\t\t\n\n\n  <div class=\"banner has-hover\" id=\"banner-538773657\">\n          <div class=\"banner-inner fill\">\n        <div class=\"banner-bg fill\" >\n            <div class=\"bg fill bg-fill \"><\/div>\n                                    \n                    <\/div>\n\t\t\n        <div class=\"banner-layers container\">\n            <div class=\"fill banner-link\"><\/div>            \n\n\n        <\/div>\n      <\/div>\n\n            \n<style>\n#banner-538773657 {\n  padding-top: 200px;\n  background-color: rgb(255, 255, 255);\n}\n#banner-538773657 .bg.bg-loaded {\n  background-image: url(https:\/\/manumissioabogados.com\/wp-content\/uploads\/2023\/10\/pexels-pixabay-264594-1024x684.webp);\n}\n#banner-538773657 .bg {\n  background-position: 17% 29%;\n}\n@media (min-width:550px) {\n  #banner-538773657 {\n    padding-top: 350px;\n  }\n}\n@media (min-width:850px) {\n  #banner-538773657 {\n    padding-top: 400px;\n  }\n}\n<\/style>\n  <\/div>\n\n\n\n\t\t<\/div>\n\t\t\t\t\n<style>\n#col-592112629 > .col-inner {\n  margin: -120px 0px 0px 0px;\n}\n<\/style>\n\t<\/div>\n\n\t\n\n<\/div>\n\n\n\t\t<\/div>\n\n\t\t\n<style>\n#section_627310359 {\n  padding-top: 30px;\n  padding-bottom: 30px;\n}\n<\/style>\n\t<\/section>\n\t\n\t<section class=\"section dark\" id=\"section_84821227\">\n\t\t<div class=\"bg section-bg fill bg-fill  bg-loaded\" >\n\n\t\t\t\n\t\t\t\n\t\t\t\n\n\t\t<\/div>\n\n\t\t\n\n\t\t<div class=\"section-content relative\">\n\t\t\t\n\n\t<div id=\"gap-1040739703\" class=\"gap-element clearfix\" style=\"display:block; height:auto;\">\n\t\t\n<style>\n#gap-1040739703 {\n  padding-top: 30px;\n}\n<\/style>\n\t<\/div>\n\t\n\n<div class=\"row align-bottom\" style=\"max-width:1200px\" id=\"row-1324354398\">\n\n\n\t<div id=\"col-248925264\" class=\"col medium-12 small-12 large-6\"  >\n\t\t\t\t<div class=\"col-inner\"  >\n\t\t\t\n\t\t\t\n\n\t<div id=\"text-87447690\" class=\"text\">\n\t\t\n\n<h6>Contacte<\/h6>\n\n\t\t\n<style>\n#text-87447690 {\n  font-size: 1.1rem;\n  text-align: left;\n}\n<\/style>\n\t<\/div>\n\t\n\t<div id=\"text-2955246701\" class=\"text\">\n\t\t\n\n<h2>Vols contactar amb nosaltres?\u00a0<\/h2>\n\t\t\n<style>\n#text-2955246701 {\n  font-size: 2rem;\n}\n@media (min-width:550px) {\n  #text-2955246701 {\n    font-size: 1.5rem;\n  }\n}\n<\/style>\n\t<\/div>\n\t\n\n\t\t<\/div>\n\t\t\t\t\t<\/div>\n\n\t\n\n\t<div id=\"col-194968413\" class=\"col medium-12 small-12 large-6\"  >\n\t\t\t\t<div class=\"col-inner\"  >\n\t\t\t\n\t\t\t\n\n<a href=\"https:\/\/manumissioabogados.com\/contacto\/\" class=\"button white expand\"  style=\"padding:5px 0px 5px 0px;\">\n    <span>Escriu-nos<\/span>\n  <\/a>\n\n\n\n\t\t<\/div>\n\t\t\t\t\n<style>\n#col-194968413 > .col-inner {\n  padding: 0px 0px 0px 0;\n  margin: -0 0px 0px 0px;\n}\n@media (min-width:850px) {\n  #col-194968413 > .col-inner {\n    padding: 0px 0px 0px 30px;\n    margin: -70px 0px 0px 0px;\n  }\n}\n<\/style>\n\t<\/div>\n\n\t\n\n<\/div>\n\n\t\t<\/div>\n\n\t\t\n<style>\n#section_84821227 {\n  padding-top: 30px;\n  padding-bottom: 30px;\n  background-color: rgb(0, 0, 0);\n}\n<\/style>\n\t<\/section>\n\t\n\n","protected":false},"excerpt":{"rendered":"","protected":false},"author":1,"featured_media":0,"parent":0,"menu_order":0,"comment_status":"closed","ping_status":"closed","template":"page-blank.php","meta":{"footnotes":""},"class_list":["post-330","page","type-page","status-publish","hentry"],"yoast_head":"<!-- This site is optimized with the Yoast SEO plugin v22.0 - https:\/\/yoast.com\/wordpress\/plugins\/seo\/ -->\n<title>El nostre despatx - Manumissio Abogados<\/title>\n<meta name=\"robots\" content=\"index, follow, max-snippet:-1, max-image-preview:large, max-video-preview:-1\" \/>\n<link rel=\"canonical\" href=\"https:\/\/manumissioabogados.com\/ca\/el-nostre-despatx\/\" \/>\n<meta property=\"og:locale\" content=\"ca_ES\" \/>\n<meta property=\"og:type\" content=\"article\" \/>\n<meta property=\"og:title\" content=\"El nostre despatx - Manumissio Abogados\" \/>\n<meta property=\"og:url\" content=\"https:\/\/manumissioabogados.com\/ca\/el-nostre-despatx\/\" \/>\n<meta property=\"og:site_name\" content=\"Manumissio Abogados\" \/>\n<meta property=\"article:modified_time\" content=\"2023-12-28T11:39:32+00:00\" \/>\n<meta name=\"twitter:card\" content=\"summary_large_image\" \/>\n<meta name=\"twitter:label1\" content=\"Temps estimat de lectura\" \/>\n\t<meta name=\"twitter:data1\" content=\"3 minuts\" \/>\n<script type=\"application\/ld+json\" class=\"yoast-schema-graph\">{\"@context\":\"https:\/\/schema.org\",\"@graph\":[{\"@type\":\"WebPage\",\"@id\":\"https:\/\/manumissioabogados.com\/ca\/el-nostre-despatx\/\",\"url\":\"https:\/\/manumissioabogados.com\/ca\/el-nostre-despatx\/\",\"name\":\"El nostre despatx - Manumissio Abogados\",\"isPartOf\":{\"@id\":\"https:\/\/manumissioabogados.com\/ca\/#website\"},\"datePublished\":\"2023-12-11T08:25:34+00:00\",\"dateModified\":\"2023-12-28T11:39:32+00:00\",\"breadcrumb\":{\"@id\":\"https:\/\/manumissioabogados.com\/ca\/el-nostre-despatx\/#breadcrumb\"},\"inLanguage\":\"ca\",\"potentialAction\":[{\"@type\":\"ReadAction\",\"target\":[\"https:\/\/manumissioabogados.com\/ca\/el-nostre-despatx\/\"]}]},{\"@type\":\"BreadcrumbList\",\"@id\":\"https:\/\/manumissioabogados.com\/ca\/el-nostre-despatx\/#breadcrumb\",\"itemListElement\":[{\"@type\":\"ListItem\",\"position\":1,\"name\":\"Portada\",\"item\":\"https:\/\/manumissioabogados.com\/ca\/\"},{\"@type\":\"ListItem\",\"position\":2,\"name\":\"El nostre despatx\"}]},{\"@type\":\"WebSite\",\"@id\":\"https:\/\/manumissioabogados.com\/ca\/#website\",\"url\":\"https:\/\/manumissioabogados.com\/ca\/\",\"name\":\"Manumissio Abogados\",\"description\":\"\",\"potentialAction\":[{\"@type\":\"SearchAction\",\"target\":{\"@type\":\"EntryPoint\",\"urlTemplate\":\"https:\/\/manumissioabogados.com\/ca\/?s={search_term_string}\"},\"query-input\":\"required name=search_term_string\"}],\"inLanguage\":\"ca\"}]}<\/script>\n<!-- \/ Yoast SEO plugin. -->","yoast_head_json":{"title":"El nostre despatx - Manumissio Abogados","robots":{"index":"index","follow":"follow","max-snippet":"max-snippet:-1","max-image-preview":"max-image-preview:large","max-video-preview":"max-video-preview:-1"},"canonical":"https:\/\/manumissioabogados.com\/ca\/el-nostre-despatx\/","og_locale":"ca_ES","og_type":"article","og_title":"El nostre despatx - Manumissio Abogados","og_url":"https:\/\/manumissioabogados.com\/ca\/el-nostre-despatx\/","og_site_name":"Manumissio Abogados","article_modified_time":"2023-12-28T11:39:32+00:00","twitter_card":"summary_large_image","twitter_misc":{"Temps estimat de lectura":"3 minuts"},"schema":{"@context":"https:\/\/schema.org","@graph":[{"@type":"WebPage","@id":"https:\/\/manumissioabogados.com\/ca\/el-nostre-despatx\/","url":"https:\/\/manumissioabogados.com\/ca\/el-nostre-despatx\/","name":"El nostre despatx - Manumissio Abogados","isPartOf":{"@id":"https:\/\/manumissioabogados.com\/ca\/#website"},"datePublished":"2023-12-11T08:25:34+00:00","dateModified":"2023-12-28T11:39:32+00:00","breadcrumb":{"@id":"https:\/\/manumissioabogados.com\/ca\/el-nostre-despatx\/#breadcrumb"},"inLanguage":"ca","potentialAction":[{"@type":"ReadAction","target":["https:\/\/manumissioabogados.com\/ca\/el-nostre-despatx\/"]}]},{"@type":"BreadcrumbList","@id":"https:\/\/manumissioabogados.com\/ca\/el-nostre-despatx\/#breadcrumb","itemListElement":[{"@type":"ListItem","position":1,"name":"Portada","item":"https:\/\/manumissioabogados.com\/ca\/"},{"@type":"ListItem","position":2,"name":"El nostre despatx"}]},{"@type":"WebSite","@id":"https:\/\/manumissioabogados.com\/ca\/#website","url":"https:\/\/manumissioabogados.com\/ca\/","name":"Manumissio Abogados","description":"","potentialAction":[{"@type":"SearchAction","target":{"@type":"EntryPoint","urlTemplate":"https:\/\/manumissioabogados.com\/ca\/?s={search_term_string}"},"query-input":"required name=search_term_string"}],"inLanguage":"ca"}]}},"_links":{"self":[{"href":"https:\/\/manumissioabogados.com\/ca\/wp-json\/wp\/v2\/pages\/330","targetHints":{"allow":["GET"]}}],"collection":[{"href":"https:\/\/manumissioabogados.com\/ca\/wp-json\/wp\/v2\/pages"}],"about":[{"href":"https:\/\/manumissioabogados.com\/ca\/wp-json\/wp\/v2\/types\/page"}],"author":[{"embeddable":true,"href":"https:\/\/manumissioabogados.com\/ca\/wp-json\/wp\/v2\/users\/1"}],"replies":[{"embeddable":true,"href":"https:\/\/manumissioabogados.com\/ca\/wp-json\/wp\/v2\/comments?post=330"}],"version-history":[{"count":10,"href":"https:\/\/manumissioabogados.com\/ca\/wp-json\/wp\/v2\/pages\/330\/revisions"}],"predecessor-version":[{"id":340,"href":"https:\/\/manumissioabogados.com\/ca\/wp-json\/wp\/v2\/pages\/330\/revisions\/340"}],"wp:attachment":[{"href":"https:\/\/manumissioabogados.com\/ca\/wp-json\/wp\/v2\/media?parent=330"}],"curies":[{"name":"wp","href":"https:\/\/api.w.org\/{rel}","templated":true}]}}