{"id":346,"date":"2023-10-13T23:38:59","date_gmt":"2023-10-13T21:38:59","guid":{"rendered":"https:\/\/manumissioabogados.com\/politica-privacidad\/"},"modified":"2023-12-28T12:56:20","modified_gmt":"2023-12-28T11:56:20","slug":"politica-de-privacitat","status":"publish","type":"page","link":"https:\/\/manumissioabogados.com\/ca\/politica-de-privacitat\/","title":{"rendered":"Pol\u00edtica de privacitat"},"content":{"rendered":"\n<h2 class=\"wp-block-heading\"><\/h2>\n\n\n\n<p>Este texto legal le da detalles de c\u00f3mo recopilamos y procesamos sus datos personales a trav\u00e9s del uso de nuestro sitio web https:\/\/manumissioabogados.com\/, incluyendo cualquier informaci\u00f3n que pueda proporcionarnos a trav\u00e9s del sitio cuando proporciona sus datos a trav\u00e9s del formulario habilitado para tal fin.<\/p>\n\n\n\n<p>Al proporcionarnos los datos, le informamos que nuestros servicios no son posibles para aquellas personas que la normativa les impide prestar consentimiento, por lo que cuando nos remite los formularios nos garantiza que tiene la capacidad suficiente para otorgar consentimiento.<\/p>\n\n\n\n<p>A continuaci\u00f3n le informamos sobre la pol\u00edtica de protecci\u00f3n de datos de: Manumissio Advocats\/Alejandro Llorens Llurba<\/p>\n\n\n\n<h2 class=\"wp-block-heading\">Responsable del tratamiento<\/h2>\n\n\n\n<p>Datos de contacto del responsable:<\/p>\n\n\n\n<p>Manumissio Advocats\/ Alejandro Llorens Llurba<br>Rambla Nova, 121, 4\u00ba, 2\u00aa<br>43001 &#8211; Tarragona<\/p>\n\n\n\n<p>, es el responsable de sus datos. (En adelante nosotros o nuestro).<\/p>\n\n\n\n<h2 class=\"wp-block-heading\">\u00bfQu\u00e9 datos recopilamos?<\/h2>\n\n\n\n<p>El Reglamento General de Protecci\u00f3n de Datos, define los datos personales como toda informaci\u00f3n sobre una persona f\u00edsica identificada o identificable, es decir cualquier informaci\u00f3n capaz de identificar a una persona. Esto no incluir\u00eda los datos an\u00f3nimos, ni porcentuales.<\/p>\n\n\n\n<p>Los datos de car\u00e1cter personal que se pudieran recabar directamente del interesado, ser\u00e1n tratados de forma confidencial y quedar\u00e1n incorporados a las correspondientes actividades del tratamiento, titularidad de Alejandro Llorens Llurba.<\/p>\n\n\n\n<h2 class=\"wp-block-heading\">\u00bfC\u00f3mo recopilamos sus datos personales?<\/h2>\n\n\n\n<p>Los medios que usamos para recopilar datos personales son:<br>A trav\u00e9s del formulario de nuestra p\u00e1gina web, a trav\u00e9s de nuestros email de contacto, por tel\u00e9fono o correo postal, cuando:<\/p>\n\n\n\n<p>Solicita informaci\u00f3n de nuestros servicios<br>Contrata la prestaci\u00f3n de nuestros servicios<\/p>\n\n\n\n<p>A trav\u00e9s de terceros:<br>Google: datos anal\u00edticos o datos de b\u00fasqueda. Fuera de la Uni\u00f3n Europea.<\/p>\n\n\n\n<h2 class=\"wp-block-heading\">Finalidad y legitimidad para el uso de sus datos<\/h2>\n\n\n\n<p>El Usuario podr\u00e1 revocar el consentimiento prestado en cualquier momento enviando un correo a all@tinet.org o consultando el apartado de ejercicio de derechos m\u00e1s adelante.<\/p>\n\n\n\n<h2 class=\"wp-block-heading\">\u00bfDurante cu\u00e1nto tiempo conservaremos sus datos?<\/h2>\n\n\n\n<p>Se conservar\u00e1n durante el tiempo necesario para cumplir con la finalidad para la que se recabaron y para determinar las posibles responsabilidades que se pudieran derivar de dicha finalidad y del tratamiento de los datos. Ser\u00e1 de aplicaci\u00f3n lo dispuesto en las diferentes normativas respecto al plazo de conservaci\u00f3n, en lo que resulte de aplicaci\u00f3n al presente tratamiento.<\/p>\n\n\n\n<h2 class=\"wp-block-heading\">Ejercicio de los Derechos de Protecci\u00f3n de Datos<\/h2>\n\n\n\n<p>\u00bfC\u00f3mo ejercer dichos derechos? Los usuarios podr\u00e1n dirigir una comunicaci\u00f3n al domicilio social de Manumissio Advocats\/Alejandro Llorens Llurba o direcci\u00f3n de correo electr\u00f3nico all@tinet.org, incluyendo en ambos casos fotocopia de su D.N.I u otro documento de identificaci\u00f3n similar, para solicitar el ejercicio de los siguientes derechos:<\/p>\n\n\n\n<p>Acceso a sus datos personales: podr\u00e1 preguntar a Manumissio Advocats\/Alejandro Llorens Llurba si est\u00e1 usando sus datos personales.<br>A solicitar su rectificaci\u00f3n, si no fuesen correctos, o a ejercer el derecho al olvido con respecto a los mismos.<br>A solicitar la limitaci\u00f3n del tratamiento, en este caso, solo ser\u00e1n conservados por Manumissio Advocats\/Alejandro Llorens Llurba para el ejercicio o defensa de reclamaciones<br>A oponerse a su tratamiento: Manumissio Advocats\/Alejandro Llorens Llurba dejar\u00e1 tratar los datos en la forma que nos indiques, salvo que por motivos leg\u00edtimos o para el ejercicio o defensa de posibles reclamaciones, estos deban seguir trat\u00e1ndose.<br>A la portabilidad de los datos: en caso de que quieras que sus datos sean tratados por otra firma, Manumissio Advocats\/Alejandro Llorens Llurba le facilitar\u00e1 la portabilidad de sus datos al nuevo responsable.<\/p>\n\n\n\n<p>Podr\u00e1 utilizar los modelos puestos a su disposici\u00f3n por la Agencia Espa\u00f1ola de Protecci\u00f3n de Datos, para ejercer sus anteriores derechos: Aqu\u00ed (https:\/\/www.aepd.es\/derechos-y-deberes\/conoce-tus-derechos)<\/p>\n\n\n\n<h2 class=\"wp-block-heading\"><\/h2>\n\n\n\n<p>.<\/p>\n\n\n\n<h2 class=\"wp-block-heading\"><\/h2>\n\n\n\n<p><\/p>\n","protected":false},"excerpt":{"rendered":"<p>Este texto legal le da detalles de c\u00f3mo recopilamos y procesamos sus datos personales a trav\u00e9s del uso de nuestro sitio web https:\/\/manumissioabogados.com\/, incluyendo cualquier informaci\u00f3n que pueda proporcionarnos a trav\u00e9s del sitio cuando proporciona sus datos a trav\u00e9s del formulario habilitado para tal fin. Al proporcionarnos los datos, le informamos que nuestros servicios no [&#8230;]\n","protected":false},"author":1,"featured_media":0,"parent":0,"menu_order":0,"comment_status":"closed","ping_status":"open","template":"","meta":{"footnotes":""},"class_list":["post-346","page","type-page","status-publish","hentry"],"yoast_head":"<!-- This site is optimized with the Yoast SEO plugin v22.0 - https:\/\/yoast.com\/wordpress\/plugins\/seo\/ -->\n<title>Pol\u00edtica de privacitat - Manumissio Abogados<\/title>\n<meta name=\"robots\" content=\"index, follow, max-snippet:-1, max-image-preview:large, max-video-preview:-1\" \/>\n<link rel=\"canonical\" href=\"https:\/\/manumissioabogados.com\/ca\/politica-de-privacitat\/\" \/>\n<meta property=\"og:locale\" content=\"ca_ES\" \/>\n<meta property=\"og:type\" content=\"article\" \/>\n<meta property=\"og:title\" content=\"Pol\u00edtica de privacitat - Manumissio Abogados\" \/>\n<meta property=\"og:description\" content=\"Este texto legal le da detalles de c\u00f3mo recopilamos y procesamos sus datos personales a trav\u00e9s del uso de nuestro sitio web https:\/\/manumissioabogados.com\/, incluyendo cualquier informaci\u00f3n que pueda proporcionarnos a trav\u00e9s del sitio cuando proporciona sus datos a trav\u00e9s del formulario habilitado para tal fin. Al proporcionarnos los datos, le informamos que nuestros servicios no [...]\" \/>\n<meta property=\"og:url\" content=\"https:\/\/manumissioabogados.com\/ca\/politica-de-privacitat\/\" \/>\n<meta property=\"og:site_name\" content=\"Manumissio Abogados\" \/>\n<meta property=\"article:modified_time\" content=\"2023-12-28T11:56:20+00:00\" \/>\n<meta name=\"twitter:card\" content=\"summary_large_image\" \/>\n<meta name=\"twitter:label1\" content=\"Temps estimat de lectura\" \/>\n\t<meta name=\"twitter:data1\" content=\"3 minuts\" \/>\n<script type=\"application\/ld+json\" class=\"yoast-schema-graph\">{\"@context\":\"https:\/\/schema.org\",\"@graph\":[{\"@type\":\"WebPage\",\"@id\":\"https:\/\/manumissioabogados.com\/ca\/politica-de-privacitat\/\",\"url\":\"https:\/\/manumissioabogados.com\/ca\/politica-de-privacitat\/\",\"name\":\"Pol\u00edtica de privacitat - Manumissio Abogados\",\"isPartOf\":{\"@id\":\"https:\/\/manumissioabogados.com\/ca\/#website\"},\"datePublished\":\"2023-10-13T21:38:59+00:00\",\"dateModified\":\"2023-12-28T11:56:20+00:00\",\"breadcrumb\":{\"@id\":\"https:\/\/manumissioabogados.com\/ca\/politica-de-privacitat\/#breadcrumb\"},\"inLanguage\":\"ca\",\"potentialAction\":[{\"@type\":\"ReadAction\",\"target\":[\"https:\/\/manumissioabogados.com\/ca\/politica-de-privacitat\/\"]}]},{\"@type\":\"BreadcrumbList\",\"@id\":\"https:\/\/manumissioabogados.com\/ca\/politica-de-privacitat\/#breadcrumb\",\"itemListElement\":[{\"@type\":\"ListItem\",\"position\":1,\"name\":\"Portada\",\"item\":\"https:\/\/manumissioabogados.com\/ca\/\"},{\"@type\":\"ListItem\",\"position\":2,\"name\":\"Pol\u00edtica de privacitat\"}]},{\"@type\":\"WebSite\",\"@id\":\"https:\/\/manumissioabogados.com\/ca\/#website\",\"url\":\"https:\/\/manumissioabogados.com\/ca\/\",\"name\":\"Manumissio Abogados\",\"description\":\"\",\"potentialAction\":[{\"@type\":\"SearchAction\",\"target\":{\"@type\":\"EntryPoint\",\"urlTemplate\":\"https:\/\/manumissioabogados.com\/ca\/?s={search_term_string}\"},\"query-input\":\"required name=search_term_string\"}],\"inLanguage\":\"ca\"}]}<\/script>\n<!-- \/ Yoast SEO plugin. -->","yoast_head_json":{"title":"Pol\u00edtica de privacitat - Manumissio Abogados","robots":{"index":"index","follow":"follow","max-snippet":"max-snippet:-1","max-image-preview":"max-image-preview:large","max-video-preview":"max-video-preview:-1"},"canonical":"https:\/\/manumissioabogados.com\/ca\/politica-de-privacitat\/","og_locale":"ca_ES","og_type":"article","og_title":"Pol\u00edtica de privacitat - Manumissio Abogados","og_description":"Este texto legal le da detalles de c\u00f3mo recopilamos y procesamos sus datos personales a trav\u00e9s del uso de nuestro sitio web https:\/\/manumissioabogados.com\/, incluyendo cualquier informaci\u00f3n que pueda proporcionarnos a trav\u00e9s del sitio cuando proporciona sus datos a trav\u00e9s del formulario habilitado para tal fin. Al proporcionarnos los datos, le informamos que nuestros servicios no [...]","og_url":"https:\/\/manumissioabogados.com\/ca\/politica-de-privacitat\/","og_site_name":"Manumissio Abogados","article_modified_time":"2023-12-28T11:56:20+00:00","twitter_card":"summary_large_image","twitter_misc":{"Temps estimat de lectura":"3 minuts"},"schema":{"@context":"https:\/\/schema.org","@graph":[{"@type":"WebPage","@id":"https:\/\/manumissioabogados.com\/ca\/politica-de-privacitat\/","url":"https:\/\/manumissioabogados.com\/ca\/politica-de-privacitat\/","name":"Pol\u00edtica de privacitat - Manumissio Abogados","isPartOf":{"@id":"https:\/\/manumissioabogados.com\/ca\/#website"},"datePublished":"2023-10-13T21:38:59+00:00","dateModified":"2023-12-28T11:56:20+00:00","breadcrumb":{"@id":"https:\/\/manumissioabogados.com\/ca\/politica-de-privacitat\/#breadcrumb"},"inLanguage":"ca","potentialAction":[{"@type":"ReadAction","target":["https:\/\/manumissioabogados.com\/ca\/politica-de-privacitat\/"]}]},{"@type":"BreadcrumbList","@id":"https:\/\/manumissioabogados.com\/ca\/politica-de-privacitat\/#breadcrumb","itemListElement":[{"@type":"ListItem","position":1,"name":"Portada","item":"https:\/\/manumissioabogados.com\/ca\/"},{"@type":"ListItem","position":2,"name":"Pol\u00edtica de privacitat"}]},{"@type":"WebSite","@id":"https:\/\/manumissioabogados.com\/ca\/#website","url":"https:\/\/manumissioabogados.com\/ca\/","name":"Manumissio Abogados","description":"","potentialAction":[{"@type":"SearchAction","target":{"@type":"EntryPoint","urlTemplate":"https:\/\/manumissioabogados.com\/ca\/?s={search_term_string}"},"query-input":"required name=search_term_string"}],"inLanguage":"ca"}]}},"_links":{"self":[{"href":"https:\/\/manumissioabogados.com\/ca\/wp-json\/wp\/v2\/pages\/346","targetHints":{"allow":["GET"]}}],"collection":[{"href":"https:\/\/manumissioabogados.com\/ca\/wp-json\/wp\/v2\/pages"}],"about":[{"href":"https:\/\/manumissioabogados.com\/ca\/wp-json\/wp\/v2\/types\/page"}],"author":[{"embeddable":true,"href":"https:\/\/manumissioabogados.com\/ca\/wp-json\/wp\/v2\/users\/1"}],"replies":[{"embeddable":true,"href":"https:\/\/manumissioabogados.com\/ca\/wp-json\/wp\/v2\/comments?post=346"}],"version-history":[{"count":2,"href":"https:\/\/manumissioabogados.com\/ca\/wp-json\/wp\/v2\/pages\/346\/revisions"}],"predecessor-version":[{"id":348,"href":"https:\/\/manumissioabogados.com\/ca\/wp-json\/wp\/v2\/pages\/346\/revisions\/348"}],"wp:attachment":[{"href":"https:\/\/manumissioabogados.com\/ca\/wp-json\/wp\/v2\/media?parent=346"}],"curies":[{"name":"wp","href":"https:\/\/api.w.org\/{rel}","templated":true}]}}